{"id":7,"date":"2023-01-12T13:55:51","date_gmt":"2023-01-12T18:55:51","guid":{"rendered":"https:\/\/www.paulmarcotte.ca\/?page_id=7"},"modified":"2024-08-28T09:55:30","modified_gmt":"2024-08-28T13:55:30","slug":"notre-equipe","status":"publish","type":"page","link":"https:\/\/www.paulmarcotte.ca\/fr\/notre-equipe\/","title":{"rendered":"Notre \u00e9quipe"},"content":{"rendered":"<section class=\"content-container equipe\">\n<div class=\"container\">\n<div class=\"row\">\n<div class=\"col-lg-3\">\n<div class=\"lc-block\">\n<div editable=\"rich\">\n<h2>Notre \u00e9quipe <br \/>\u00e0 votre service<\/h2>\n<\/p><\/div>\n<\/p><\/div>\n<\/p><\/div>\n<div class=\"col-lg-9 col-xxl-8 ml-auto\">\n<div class=\"lc-block\"><\/div>\n<\/p><\/div>\n<div class=\"col-lg-12\">\n<div class=\"lc-block\">\n<div lc-helper=\"shortcode\" class=\"live-shortcode\"><div class=\"row\"><div class=\"member col-sm-6 col-xl-4\"><div class=\"single-member\"><div class=\"member-photo\"><img decoding=\"async\" src=\"https:\/\/www.paulmarcotte.ca\/wp-content\/uploads\/2023\/01\/paul-marcotte.jpg\" alt=\"Paul Marcotte\" class=\"mx-auto\"><\/div><div class=\"member-content\"><h4 class=\"member-title\">Paul Marcotte<\/h4><p class=\"member-role\">B.A.A, A.V.A, Planificateur financier<\/p><p>Paul a fond\u00e9 l\u2019entreprise en 1989 et pr\u00e9side les destin\u00e9es de l\u2019entreprise. En plus de bien servir ses clients, il a comme objectif primordial de surpasser les attentes de ceux-ci.<\/p>\n<ul>\n<li>Repr\u00e9sentant en \u00e9pargne collective depuis 1990 (aupr\u00e8s d\u2019investia services financiers Inc)<\/li>\n<li>Assureur-vie agr\u00e9\u00e9 depuis 1997<\/li>\n<li>Planificateur financier depuis 1998<\/li>\n<\/ul>\n<a href=\"javascript:sendEmail('paul', 'paulmarcotte.ca')\" class=\"btn contact\">Contactez Paul<\/a><\/div><\/div><\/div><div class=\"member col-sm-6 col-xl-4\"><div class=\"single-member\"><div class=\"member-photo\"><img decoding=\"async\" src=\"https:\/\/www.paulmarcotte.ca\/wp-content\/uploads\/2023\/01\/sebastien-caron.jpg\" alt=\"S\u00e9bastien Caron\" class=\"mx-auto\"><\/div><div class=\"member-content\"><h4 class=\"member-title\">S\u00e9bastien Caron<\/h4><p class=\"member-role\">Repr\u00e9sentant en \u00e9pargne collective (aupr\u00e8s d\u2019Investia services financiers Inc).<\/p><p>Il poss\u00e8de plus de 10 ans en services financiers aupr\u00e8s d\u2019une grande institution financi\u00e8re. S\u00e9bastien a joint l\u2019entreprise en octobre 2017 \u00e0 titre d\u2019adjoint aux courtiers : analyse des dossiers, service \u00e0 la client\u00e8le et soutien aux courtiers. Il agit maintenant \u00e0 titre de repr\u00e9sentant en \u00e9pargne collective et certifi\u00e9 en planification financi\u00e8re aupr\u00e8s de la T\u00c9LUQ.<\/p>\n<a href=\"javascript:sendEmail('sebastien', 'paulmarcotte.ca')\" class=\"btn contact\">Contactez S\u00e9bastien<\/a><\/div><\/div><\/div><div class=\"member col-sm-6 col-xl-4\"><div class=\"single-member\"><div class=\"member-photo\"><img decoding=\"async\" src=\"https:\/\/www.paulmarcotte.ca\/wp-content\/uploads\/2023\/01\/Vincent-5x7-web-1-2.jpg\" alt=\"Vincent Mass\u00e9\" class=\"mx-auto\"><\/div><div class=\"member-content\"><h4 class=\"member-title\">Vincent Mass\u00e9<\/h4><p class=\"member-role\">Repr\u00e9sentant en \u00e9pargne collective (aupr\u00e8s d\u2019Investia services financiers Inc).<\/p><p>Fort d'une exp\u00e9rience de plus de 5 ans au sein d'une grande banque, il rejoint avec enthousiasme l'\u00e9quipe en tant que repr\u00e9sentant en \u00e9pargne collective durant l\u2019\u00e9t\u00e9 2023. Son parcours vari\u00e9 au sein de la banque lui a permis d'acqu\u00e9rir une expertise approfondie dans le domaine financier et le service conseil.<\/p>\n<a href=\"javascript:sendEmail('vincent', 'paulmarcotte.ca')\" class=\"btn contact\">Contactez Vincent<\/a><\/div><\/div><\/div><div class=\"member col-sm-6 col-xl-4\"><div class=\"single-member\"><div class=\"member-photo\"><img decoding=\"async\" src=\"https:\/\/www.paulmarcotte.ca\/wp-content\/uploads\/2023\/01\/josee-viau.jpg\" alt=\"Jos\u00e9e Viau\" class=\"mx-auto\"><\/div><div class=\"member-content\"><h4 class=\"member-title\">Jos\u00e9e Viau<\/h4><p class=\"member-role\">Directrice g\u00e9n\u00e9rale &amp; Repr\u00e9sentante en \u00e9pargne collective (aupr\u00e8s d\u2019Investia services financiers Inc).<\/p><p>Jos\u00e9e a joint l\u2019entreprise en 2012 \u00e0 titre d\u2019adjointe administrative. Elle poss\u00e8de plus de 20 ans d\u2019exp\u00e9rience dans le domaine du service \u00e0 la client\u00e8le, de comptabilit\u00e9 et de gestion du bureau. Elle agit maintenant \u00e0 titre de directrice g\u00e9n\u00e9rale de l\u2019entreprise et s\u2019occupe principalement des aspects administratifs et comptables. Elle poss\u00e8de \u00e9galement le titre de repr\u00e9sentante en \u00c9pargne collective. Tous ses postes n\u2019ont qu\u2019un but, vous servir.<\/p>\n<a href=\"javascript:sendEmail('josee', 'paulmarcotte.ca')\" class=\"btn contact\">Contactez Jos\u00e9e<\/a><\/div><\/div><\/div><\/div><\/div>\n<\/p><\/div>\n<\/p><\/div>\n<\/p><\/div>\n<\/p><\/div>\n<\/section>\n","protected":false},"excerpt":{"rendered":"<p>Notre \u00e9quipe \u00e0 votre service<\/p>\n","protected":false},"author":1,"featured_media":0,"parent":0,"menu_order":60,"comment_status":"closed","ping_status":"closed","template":"","meta":{"_acf_changed":false,"footnotes":""},"class_list":["post-7","page","type-page","status-publish","hentry"],"acf":[],"_links":{"self":[{"href":"https:\/\/www.paulmarcotte.ca\/fr\/wp-json\/wp\/v2\/pages\/7","targetHints":{"allow":["GET"]}}],"collection":[{"href":"https:\/\/www.paulmarcotte.ca\/fr\/wp-json\/wp\/v2\/pages"}],"about":[{"href":"https:\/\/www.paulmarcotte.ca\/fr\/wp-json\/wp\/v2\/types\/page"}],"author":[{"embeddable":true,"href":"https:\/\/www.paulmarcotte.ca\/fr\/wp-json\/wp\/v2\/users\/1"}],"replies":[{"embeddable":true,"href":"https:\/\/www.paulmarcotte.ca\/fr\/wp-json\/wp\/v2\/comments?post=7"}],"version-history":[{"count":12,"href":"https:\/\/www.paulmarcotte.ca\/fr\/wp-json\/wp\/v2\/pages\/7\/revisions"}],"predecessor-version":[{"id":825,"href":"https:\/\/www.paulmarcotte.ca\/fr\/wp-json\/wp\/v2\/pages\/7\/revisions\/825"}],"wp:attachment":[{"href":"https:\/\/www.paulmarcotte.ca\/fr\/wp-json\/wp\/v2\/media?parent=7"}],"curies":[{"name":"wp","href":"https:\/\/api.w.org\/{rel}","templated":true}]}}