{"id":2,"date":"2023-01-12T13:38:46","date_gmt":"2023-01-12T18:38:46","guid":{"rendered":"https:\/\/www.paulmarcotte.ca\/?page_id=2"},"modified":"2026-03-02T14:29:40","modified_gmt":"2026-03-02T19:29:40","slug":"sample-page","status":"publish","type":"page","link":"https:\/\/www.paulmarcotte.ca\/fr\/","title":{"rendered":"Accueil"},"content":{"rendered":"<section class=\"topmain-container\">\n<div class=\"container\">\n<div class=\"row\">\n<div class=\"col-lg-4\">\n<div class=\"lc-block\">\n<div editable=\"rich\">\n<h1>Gestion financi\u00e8re Paul Marcotte \u00e0 Gatineau<\/h1>\n<h2>Plus de <strong>290 millions d&rsquo;actifs<\/strong> sous gestion<\/h2>\n<\/p><\/div>\n<\/p><\/div>\n<div class=\"lc-block\">\n<div lc-helper=\"shortcode\" class=\"live-shortcode\"><a class=\"dark-blue-transparent contact btn\" href=\"https:\/\/www.paulmarcotte.ca\/fr\/nous-joindre\/\" aria-label=\"Prendre rendez-vous maintenant\">Prendre rendez-vous maintenant<\/a><\/div>\n<\/p><\/div>\n<\/p><\/div>\n<div class=\"col-lg-8\">\n<div class=\"lc-block topmain-img\">\n\t\t\t\t\t<picture><source srcset=\"https:\/\/www.paulmarcotte.ca\/wp-content\/uploads\/2023\/01\/top-main-img.webp\" type=\"image\/webp\"><img decoding=\"async\" class=\"img-fluid wp-image-34\" src=\"https:\/\/www.paulmarcotte.ca\/wp-content\/uploads\/2023\/01\/top-main-img.png\" width=\"1230\" height=\"980\" srcset=\"https:\/\/www.paulmarcotte.ca\/wp-content\/uploads\/2023\/01\/top-main-img.png 1230w, https:\/\/www.paulmarcotte.ca\/wp-content\/uploads\/2023\/01\/top-main-img-300x239.png 300w, https:\/\/www.paulmarcotte.ca\/wp-content\/uploads\/2023\/01\/top-main-img-1024x816.png 1024w, https:\/\/www.paulmarcotte.ca\/wp-content\/uploads\/2023\/01\/top-main-img-768x612.png 768w\" sizes=\"(max-width: 1230px) 100vw, 1230px\" alt=\"\"><\/picture>\n\t\t\t\t<\/div>\n<\/p><\/div>\n<\/p><\/div>\n<\/p><\/div>\n<\/section>\n<section>\n<div lc-helper=\"shortcode\" class=\"live-shortcode\"><section class=\"rates-container\"><div class=\"container\"><div class=\"row justify-content-center\"><div class=\"col-12 col-md-6 col-xl-4\"><div class=\"single-rate\"><h2 class=\"h5\">Fonds communs de placements prudents<\/h2><div class=\"rates-values\"><div class=\"rate-value\"><div class=\"rate-value-name\">&nbsp;<\/div><div class=\"rate-value-unit\">3 ans<\/div><div class=\"rate-value-unit\">5 ans<\/div><div class=\"rate-value-unit\">10 ans<\/div><\/div><div class=\"rate-value\"><div class=\"rate-value-name\">Fidelity FNB Simplifi\u00e9 \u00c9quilibr\u00e9<\/div><div class=\"rate-value-unit\">16.64%<\/div><div class=\"rate-value-unit\">N.A.<\/div><div class=\"rate-value-unit\">N.A.<\/div><\/div><div class=\"rate-value\"><div class=\"rate-value-name\">Fidelity Portefeuille \u00c9quilibr\u00e9 Mondial<\/div><div class=\"rate-value-unit\">16.44%<\/div><div class=\"rate-value-unit\">9.33%<\/div><div class=\"rate-value-unit\">8.02%<\/div><\/div><div class=\"rate-value\"><div class=\"rate-value-name\">Cano\u00eb Cat\u00e9gorie Portefeuille R\u00e9partition d'Actif<\/div><div class=\"rate-value-unit\">11.66%<\/div><div class=\"rate-value-unit\">13.38%<\/div><div class=\"rate-value-unit\">9.18%<\/div><\/div><\/div><div class=\"description\"><ul>\n<li>Fonds communs de placements compos\u00e9 de 60% d\u2019actions et de 40% de titres de revenu.<\/li>\n<\/ul>\n<\/div><p class=\"en_date\">* En date du 21 octobre 2025 (source : morningstar.ca)<\/p><\/div><\/div><div class=\"col-12 col-md-6 col-xl-4\"><div class=\"single-rate\"><h2 class=\"h5\">Fonds communs de placements performants<\/h2><div class=\"rates-values\"><div class=\"rate-value\"><div class=\"rate-value-name\">&nbsp;<\/div><div class=\"rate-value-unit\">3 ans<\/div><div class=\"rate-value-unit\">5 ans<\/div><div class=\"rate-value-unit\">10 ans<\/div><\/div><div class=\"rate-value\"><div class=\"rate-value-name\">Fidelity Cat\u00e9gorie Innovations Mondiales<\/div><div class=\"rate-value-unit\">39.67%<\/div><div class=\"rate-value-unit\">19.67%<\/div><div class=\"rate-value-unit\">N.A.<\/div><\/div><div class=\"rate-value\"><div class=\"rate-value-name\">Mackenzie Croissance Toutes Capitalisations Am\u00e9ricaines<\/div><div class=\"rate-value-unit\">30.14%<\/div><div class=\"rate-value-unit\">15.23%<\/div><div class=\"rate-value-unit\">17.83%<\/div><\/div><div class=\"rate-value\"><div class=\"rate-value-name\">Fidelity Grande Capitalisation Canada<\/div><div class=\"rate-value-unit\">15.63%<\/div><div class=\"rate-value-unit\">19.46%<\/div><div class=\"rate-value-unit\">11.23%<\/div><\/div><\/div><div class=\"description\"><ul>\n<li>Fonds communs de placements compos\u00e9s principalement d\u2019actions canadiennes et mondiales<\/li>\n<\/ul>\n<\/div><p class=\"en_date\">* En date du 21 octobre 2025 (source : morningstar.ca)<\/p><\/div><\/div><div class=\"col-12 col-md-6 col-xl-4\"><div class=\"single-rate\"><h2 class=\"h5\">Investissement Responsable<\/h2><div class=\"rates-values\"><div class=\"rate-value\"><div class=\"rate-value-name\">&nbsp;<\/div><div class=\"rate-value-unit\">3 ans<\/div><div class=\"rate-value-unit\">5 ans<\/div><div class=\"rate-value-unit\">10 ans<\/div><\/div><div class=\"rate-value\"><div class=\"rate-value-name\">Fidelity Leadership Climatique<\/div><div class=\"rate-value-unit\">21.08%<\/div><div class=\"rate-value-unit\">N.A.<\/div><div class=\"rate-value-unit\">N.A.<\/div><\/div><div class=\"rate-value\"><div class=\"rate-value-name\">Fidelity Leadership Climatique \u00c9quilibr\u00e9<\/div><div class=\"rate-value-unit\">15.65%<\/div><div class=\"rate-value-unit\">N.A.<\/div><div class=\"rate-value-unit\">N.A.<\/div><\/div><div class=\"rate-value\"><div class=\"rate-value-name\">I.A. Clarington Inhance PSR Cat\u00e9gorie Actions Mondiales<\/div><div class=\"rate-value-unit\">14.88%<\/div><div class=\"rate-value-unit\">7.77%<\/div><div class=\"rate-value-unit\">10.11%<\/div><\/div><\/div><h3 class=\"h6 mb-4\">Investissement incorporant des facteurs environnementaux, sociaux et de gouvernance dans leur s\u00e9lection et leur gestion.<\/h3><div class=\"description\"><ul>\n<li>Placements sans combustible fossile: aucun investissement dans la production de p\u00e9tole, gaz, charbon, pipeline\u2026<\/li>\n<li>Analyse des facteurs environnementaux, sociaux et de gouvernance (ESG).<\/li>\n<\/ul>\n<\/div><p class=\"en_date\">* En date du 21 octobre 2025 (source : morningstar.ca)<\/p><\/div><\/div><\/div><\/div><\/section><\/div>\n<\/section>\n<section class=\"toplinks-container\">\n<div class=\"container\">\n<div class=\"row justify-content-center justify-content-lg-between\">\n<div class=\"col-md-6 col-lg-4 col-xxl-auto\">\n<div class=\"lc-block h-100\">\n<div lc-helper=\"shortcode\" class=\"live-shortcode h-100\"><a class=\"top-link placement\" href=\"https:\/\/www.paulmarcotte.ca\/fr\/placement\/\" aria-label=\"&lt;span&gt;&lt;strong&gt;Placement&lt;\/strong&gt; Fonds mutuels, Fonds distincts, D&eacute;p&ocirc;t &agrave; terme, Obligations, Obligations d&amp;rsquo;&eacute;pargne,&lt;br \/&gt;\n\t\t\t\t\t\t\tComptes d&amp;rsquo;&eacute;pargne &agrave; int&eacute;r&ecirc;ts &eacute;lev&eacute;s, RE&Eacute;&Eacute;, RE&Eacute;I et C&Eacute;LI&lt;\/span&gt;\"><span><strong>Placement<\/strong> Fonds mutuels, Fonds distincts, D\u00e9p\u00f4t \u00e0 terme, Obligations, Obligations d&rsquo;\u00e9pargne,<br \/>\n\t\t\t\t\t\t\tComptes d&rsquo;\u00e9pargne \u00e0 int\u00e9r\u00eats \u00e9lev\u00e9s, RE\u00c9\u00c9, RE\u00c9I et C\u00c9LI<\/span><\/a><\/div>\n<\/p><\/div>\n<\/p><\/div>\n<div class=\"col-md-6 col-lg-4 col-xxl-auto\">\n<div class=\"lc-block h-100\">\n<div lc-helper=\"shortcode\" class=\"live-shortcode h-100\"><a class=\"top-link retraite\" href=\"https:\/\/www.paulmarcotte.ca\/fr\/retraite\/\" aria-label=\"&lt;span&gt;&lt;strong&gt;Retraite&lt;\/strong&gt; RE&Eacute;R, FERR, CRI, FRV, Rentes de retraite, RE&Eacute;R collectif, RVER et RRI&lt;\/span&gt;\"><span><strong>Retraite<\/strong> RE\u00c9R, FERR, CRI, FRV, Rentes de retraite, RE\u00c9R collectif, RVER et RRI<\/span><\/a><\/div>\n<\/p><\/div>\n<\/p><\/div>\n<div class=\"col-md-6 col-lg-4 col-xxl-auto\">\n<div class=\"lc-block h-100\">\n<div lc-helper=\"shortcode\" class=\"live-shortcode h-100\"><a class=\"top-link assurances\" href=\"https:\/\/www.paulmarcotte.ca\/fr\/assurances\/\" aria-label=\"&lt;span&gt;&lt;strong&gt;Assurances&lt;\/strong&gt; Vie, Salaire, soins de longue dur&eacute;e, hypoth&eacute;caire et commerciale&lt;br \/&gt;\n\t\t\t\t\t\t&lt;\/span&gt;\"><span><strong>Assurances<\/strong> Vie, Salaire, soins de longue dur\u00e9e, hypoth\u00e9caire et commerciale<br \/>\n\t\t\t\t\t\t<\/span><\/a><\/div>\n<\/p><\/div>\n<\/p><\/div>\n<\/p><\/div>\n<\/p><\/div>\n<\/section>\n<section class=\"homepropos-container\">\n<div class=\"container\">\n<div class=\"row\">\n<div class=\"col-xl-6 order-last order-xl-first\">\n<div class=\"lc-block paul-marcotte\"><picture><source srcset=\"https:\/\/www.paulmarcotte.ca\/wp-content\/uploads\/2023\/12\/groupe_avec_vincent.webp\" type=\"image\/webp\"><img decoding=\"async\" class=\"img-fluid mx-auto wp-image-812\" src=\"https:\/\/www.paulmarcotte.ca\/wp-content\/uploads\/2023\/12\/groupe_avec_vincent.jpg\" width=\"2256\" height=\"1362\" srcset=\"https:\/\/www.paulmarcotte.ca\/wp-content\/uploads\/2023\/12\/groupe_avec_vincent.jpg 2256w, https:\/\/www.paulmarcotte.ca\/wp-content\/uploads\/2023\/12\/groupe_avec_vincent-300x181.jpg 300w, https:\/\/www.paulmarcotte.ca\/wp-content\/uploads\/2023\/12\/groupe_avec_vincent-1024x618.jpg 1024w, https:\/\/www.paulmarcotte.ca\/wp-content\/uploads\/2023\/12\/groupe_avec_vincent-768x464.jpg 768w, https:\/\/www.paulmarcotte.ca\/wp-content\/uploads\/2023\/12\/groupe_avec_vincent-1536x927.jpg 1536w, https:\/\/www.paulmarcotte.ca\/wp-content\/uploads\/2023\/12\/groupe_avec_vincent-2048x1236.jpg 2048w\" sizes=\"(max-width: 2256px) 100vw, 2256px\" alt=\"\"><\/picture><\/div>\n<\/p><\/div>\n<div class=\"col-xl-6 order-first order-xl-last\">\n<div class=\"lc-block\">\n<div editable=\"rich\">\n<h2>\u00c0 propos de Gestion financi\u00e8re Paul Marcotte <strong>Gestion de placement, retraite et assurances<\/strong><\/h2>\n<p>Situ\u00e9 \u00e0 Gatineau, le cabinet Gestion financi\u00e8re Paul Marcotte accompagne ses clients dans la gestion de leurs placements, assurances et finances personnelles. Notre mission est de vous offrir un service personnalis\u00e9, transparent et de qualit\u00e9, afin de vous aider \u00e0 atteindre vos objectifs financiers.<\/p>\n<p>Nous nous engageons \u00e0 :<\/p>\n<ul>\n<li>\n\t\t\t\t\t\t\t\tOffrir les meilleurs produits de placement et d\u2019assurance au meilleur co\u00fbt.\n\t\t\t\t\t\t\t<\/li>\n<li>\n\t\t\t\t\t\t\t\tDonner acc\u00e8s aux plus grands gestionnaires et assureurs.\n\t\t\t\t\t\t\t<\/li>\n<li>\n\t\t\t\t\t\t\t\tAnalyser objectivement votre situation financi\u00e8re.\n\t\t\t\t\t\t\t<\/li>\n<li>\n\t\t\t\t\t\t\t\tNe recommander que des produits de premi\u00e8re qualit\u00e9.\n\t\t\t\t\t\t\t<\/li>\n<li>\n\t\t\t\t\t\t\t\tMaintenir une vision globale de vos finances.\n\t\t\t\t\t\t\t<\/li>\n<\/ul>\n<p>Faites confiance \u00e0 Paul Marcotte pour b\u00e9n\u00e9ficier de conseils d\u2019experts en placement, assurance et planification financi\u00e8re \u00e0 Gatineau.<\/p>\n<\/p><\/div>\n<\/p><\/div>\n<\/p><\/div>\n<\/p><\/div>\n<\/p><\/div>\n<\/section>\n<section class=\"maincta-container d-none\">\n<div class=\"container\">\n<div class=\"row\">\n<div class=\"col-3 col-md-4 col-lg-6\">\n<div class=\"lc-block\"><\/div>\n<\/p><\/div>\n<div class=\"col-9 col-md-8 col-lg-6\">\n<div class=\"lc-block\">\n<div lc-helper=\"shortcode\" class=\"live-shortcode\"><a class=\"main-cta\" href=\"https:\/\/www.paulmarcotte.ca\/fr\/nous-joindre\/\" aria-label=\"&lt;strong&gt;Contactez-nous &lt;\/strong&gt;d&egrave;s maintenant &lt;br \/&gt;pour prendre rendez-vous\"><strong>Contactez-nous <\/strong>d\u00e8s maintenant <br \/>pour prendre rendez-vous<\/a><\/div>\n<\/p><\/div>\n<\/p><\/div>\n<\/p><\/div>\n<\/p><\/div>\n<\/section>\n<section class=\"homeprofile-container d-none\">\n<div class=\"container\">\n<div class=\"row justify-content-center\">\n<div class=\"col-12 col-xxl-9\">\n<div class=\"lc-block\">\n<div editable=\"rich\">\n<h2>D\u00e9terminer votre&nbsp;<br \/>profil d&rsquo;investisseurs<\/h2>\n<p>Vous avez pens\u00e9 \u00e0 vos objectifs financiers? Trouver le type de placement qui vous convient.Que vous soyez d\u00e9butant ou expert, nos conseillers sont l\u00e0 pour vous accompagner!<\/p>\n<\/p><\/div>\n<\/p><\/div>\n<div class=\"lc-block\">\n<div lc-helper=\"shortcode\" class=\"live-shortcode\"><\/div>\n<\/p><\/div>\n<\/p><\/div>\n<\/p><\/div>\n<\/p><\/div>\n<\/section>\n<section class=\"mainfootercta-container\">\n<div class=\"container\">\n<div class=\"row align-items-center\">\n<div class=\"col-lg-8 col-xxl-6 mx-auto\">\n<div class=\"lc-block\">\n<div editable=\"rich\">\n<h2><strong>Contactez-nous <\/strong>pour la gestion de vos placements,<br \/>assurance ou votre gestion financi\u00e8re pr\u00e9retraite<\/h2>\n<\/p><\/div>\n<\/p><\/div>\n<\/p><\/div>\n<div class=\"col-lg-4 col-xxl-3 mr-auto\">\n<div class=\"lc-block\">\n<div lc-helper=\"shortcode\" class=\"live-shortcode\"><a class=\"dark-blue-transparent contact btn\" href=\"https:\/\/www.paulmarcotte.ca\/fr\/nous-joindre\/\" aria-label=\" Prenez rendez-vous maintenant\"> Prenez rendez-vous maintenant<\/a><\/div>\n<\/p><\/div>\n<\/p><\/div>\n<\/p><\/div>\n<\/p><\/div>\n<\/section>\n","protected":false},"excerpt":{"rendered":"<p>Gestion financi\u00e8re Paul Marcotte \u00e0 Gatineau Plus de 290 millions d&rsquo;actifs sous gestion \u00c0 propos de Gestion financi\u00e8re Paul Marcotte Gestion de placement, retraite et assurances Situ\u00e9 \u00e0 Gatineau, le cabinet Gestion financi\u00e8re Paul Marcotte accompagne ses clients dans la gestion de leurs placements, assurances et finances personnelles. Notre mission est de vous offrir un [&hellip;]<\/p>\n","protected":false},"author":1,"featured_media":0,"parent":0,"menu_order":61,"comment_status":"closed","ping_status":"open","template":"","meta":{"_acf_changed":false,"footnotes":""},"class_list":["post-2","page","type-page","status-publish","hentry"],"acf":[],"_links":{"self":[{"href":"https:\/\/www.paulmarcotte.ca\/fr\/wp-json\/wp\/v2\/pages\/2","targetHints":{"allow":["GET"]}}],"collection":[{"href":"https:\/\/www.paulmarcotte.ca\/fr\/wp-json\/wp\/v2\/pages"}],"about":[{"href":"https:\/\/www.paulmarcotte.ca\/fr\/wp-json\/wp\/v2\/types\/page"}],"author":[{"embeddable":true,"href":"https:\/\/www.paulmarcotte.ca\/fr\/wp-json\/wp\/v2\/users\/1"}],"replies":[{"embeddable":true,"href":"https:\/\/www.paulmarcotte.ca\/fr\/wp-json\/wp\/v2\/comments?post=2"}],"version-history":[{"count":71,"href":"https:\/\/www.paulmarcotte.ca\/fr\/wp-json\/wp\/v2\/pages\/2\/revisions"}],"predecessor-version":[{"id":1103,"href":"https:\/\/www.paulmarcotte.ca\/fr\/wp-json\/wp\/v2\/pages\/2\/revisions\/1103"}],"wp:attachment":[{"href":"https:\/\/www.paulmarcotte.ca\/fr\/wp-json\/wp\/v2\/media?parent=2"}],"curies":[{"name":"wp","href":"https:\/\/api.w.org\/{rel}","templated":true}]}}