{"id":110,"date":"2023-01-18T14:42:25","date_gmt":"2023-01-18T19:42:25","guid":{"rendered":"https:\/\/www.paulmarcotte.ca\/?page_id=110"},"modified":"2025-10-17T10:37:14","modified_gmt":"2025-10-17T14:37:14","slug":"fonds-mutuels","status":"publish","type":"page","link":"https:\/\/www.paulmarcotte.ca\/fr\/placement\/fonds-mutuels\/","title":{"rendered":"Fonds mutuels"},"content":{"rendered":"<section class=\"content-container\">\n<div class=\"container\">\n<div class=\"row\">\n<div class=\"col-lg-8 order-last order-lg-first\">\n<div class=\"lc-block\">\n<div editable=\"rich\">\n<h2>Fonds mutuels<\/h2>\n<p>Les fonds mutuels ou fonds de placements ou fonds d\u2019investissement, sont des organismes de d\u00e9tentions collectives d\u2019actifs financiers. C\u2019est un regroupement d\u2019investisseurs qui d\u00e9sirent investir leur argent dans un but commun. <\/p>\n<p>Un fonds mutuel peut \u00eatre cr\u00e9\u00e9 en fiducie (il redistribue tous les revenus aux investisseurs) ou en corporation (il verse une partie des revenus aux investisseurs). <\/p>\n<p>Chaque investisseur poss\u00e8de des parts (fiducie) ou actions (corporation) proportionnelles au montant investi. La plupart de celles-ci sont \u00e0 capital variable : ce qui permet des achats ou des ventes \u00e0 tout moment par les \u00e9pargnants. <\/p>\n<p>Chaque fonds mutuel a ses propres caract\u00e9ristiques : type d\u2019investissement, structure de frais et politique d\u2019investissement. Il est important de conna\u00eetre tous ces \u00e9l\u00e9ments et de consulter un professionnel avant d\u2019investir.<\/p>\n<\/p><\/div>\n<\/p><\/div>\n<div class=\"lc-block\">\n<div class=\"live-shortcode\" lc-helper=\"shortcode\"><a class=\"contact btn\" href=\"https:\/\/www.paulmarcotte.ca\/fr\/nous-joindre\/\" aria-label=\"Diversifiez vos placements\">Diversifiez vos placements<\/a><\/div>\n<\/p><\/div>\n<\/p><\/div>\n<div class=\"col-lg-4 order-first order-lg-last\">\n<div class=\"lc-block\">\n<div lc-helper=\"shortcode\" class=\"live-shortcode\"><div class=\"right-sidebar\"><ul><li class=\"current_page_ancestor page_item_has_children\"><a href=\"#\" class=\"page-items-title\">Placement<\/a><ul><li class=\"page_item page-item-126\"><a href=\"https:\/\/www.paulmarcotte.ca\/fr\/placement\/celi\/\">C\u00c9LI<\/a><\/li>\n<li class=\"page_item page-item-124\"><a href=\"https:\/\/www.paulmarcotte.ca\/fr\/placement\/reei\/\">RE\u00c9I<\/a><\/li>\n<li class=\"page_item page-item-122\"><a href=\"https:\/\/www.paulmarcotte.ca\/fr\/placement\/reee\/\">RE\u00c9\u00c9<\/a><\/li>\n<li class=\"page_item page-item-120\"><a href=\"https:\/\/www.paulmarcotte.ca\/fr\/placement\/compte-epargne-interets-eleves\/\">Compte d\u2019\u00e9pargne \u00e0 int\u00e9r\u00eats \u00e9lev\u00e9s<\/a><\/li>\n<li class=\"page_item page-item-118\"><a href=\"https:\/\/www.paulmarcotte.ca\/fr\/placement\/obligations-epargne\/\">Obligations d\u2019\u00e9pargne<\/a><\/li>\n<li class=\"page_item page-item-116\"><a href=\"https:\/\/www.paulmarcotte.ca\/fr\/placement\/obligations\/\">Obligations<\/a><\/li>\n<li class=\"page_item page-item-114\"><a href=\"https:\/\/www.paulmarcotte.ca\/fr\/placement\/depot-terme\/\">D\u00e9p\u00f4t \u00e0 terme<\/a><\/li>\n<li class=\"page_item page-item-112\"><a href=\"https:\/\/www.paulmarcotte.ca\/fr\/placement\/fonds-distincts\/\">Fonds distincts<\/a><\/li>\n<li class=\"page_item page-item-110\"><a href=\"https:\/\/www.paulmarcotte.ca\/fr\/placement\/fonds-mutuels\/\">Fonds mutuels<\/a><\/li>\n<\/ul><\/li><li class=\" page_item_has_children\"><a href=\"#\" class=\"page-items-title\">Retraite<\/a><ul><li class=\"page_item page-item-128\"><a href=\"https:\/\/www.paulmarcotte.ca\/fr\/retraite\/reer\/\">RE\u00c9R<\/a><\/li>\n<li class=\"page_item page-item-130\"><a href=\"https:\/\/www.paulmarcotte.ca\/fr\/retraite\/ferr\/\">FERR<\/a><\/li>\n<li class=\"page_item page-item-132\"><a href=\"https:\/\/www.paulmarcotte.ca\/fr\/retraite\/cri\/\">CRI<\/a><\/li>\n<li class=\"page_item page-item-134\"><a href=\"https:\/\/www.paulmarcotte.ca\/fr\/retraite\/frv\/\">FRV<\/a><\/li>\n<li class=\"page_item page-item-136\"><a href=\"https:\/\/www.paulmarcotte.ca\/fr\/retraite\/rentes-de-retraite\/\">Rentes de retraite<\/a><\/li>\n<li class=\"page_item page-item-138\"><a href=\"https:\/\/www.paulmarcotte.ca\/fr\/retraite\/reer-collectif\/\">RE\u00c9R collectif<\/a><\/li>\n<li class=\"page_item page-item-140\"><a href=\"https:\/\/www.paulmarcotte.ca\/fr\/retraite\/rver\/\">RVER<\/a><\/li>\n<li class=\"page_item page-item-142\"><a href=\"https:\/\/www.paulmarcotte.ca\/fr\/retraite\/rri\/\">RRI<\/a><\/li>\n<\/ul><\/li><li class=\" page_item_has_children\"><a href=\"#\" class=\"page-items-title\">Assurances<\/a><ul><li class=\"page_item page-item-108\"><a href=\"https:\/\/www.paulmarcotte.ca\/fr\/assurances\/assurance-commerciale-convention-achat-vente\/\">Assurance commerciale (convention d&rsquo;achat &#8211; vente)<\/a><\/li>\n<li class=\"page_item page-item-106\"><a href=\"https:\/\/www.paulmarcotte.ca\/fr\/assurances\/assurance-hypothecaire\/\">Assurance hypoth\u00e9caire<\/a><\/li>\n<li class=\"page_item page-item-104\"><a href=\"https:\/\/www.paulmarcotte.ca\/fr\/assurances\/assurance-soins-longue-duree\/\">Assurance soins de longue dur\u00e9e<\/a><\/li>\n<li class=\"page_item page-item-102\"><a href=\"https:\/\/www.paulmarcotte.ca\/fr\/assurances\/assurance-maladies-graves\/\">Assurance contre les maladies graves<\/a><\/li>\n<li class=\"page_item page-item-100\"><a href=\"https:\/\/www.paulmarcotte.ca\/fr\/assurances\/assurance-salaire-invalidite\/\">Assurance salaire (invalidit\u00e9)<\/a><\/li>\n<li class=\"page_item page-item-98\"><a href=\"https:\/\/www.paulmarcotte.ca\/fr\/assurances\/assurance-vie\/\">Assurance-vie<\/a><\/li>\n<\/ul><\/li><\/ul><\/div><\/div>\n<\/p><\/div>\n<\/p><\/div>\n<\/p><\/div>\n<\/p><\/div>\n<\/section>\n","protected":false},"excerpt":{"rendered":"<p>Fonds mutuels Les fonds mutuels ou fonds de placements ou fonds d\u2019investissement, sont des organismes de d\u00e9tentions collectives d\u2019actifs financiers. C\u2019est un regroupement d\u2019investisseurs qui d\u00e9sirent investir leur argent dans un but commun. Un fonds mutuel peut \u00eatre cr\u00e9\u00e9 en fiducie (il redistribue tous les revenus aux investisseurs) ou en corporation (il verse une partie [&hellip;]<\/p>\n","protected":false},"author":1,"featured_media":0,"parent":11,"menu_order":35,"comment_status":"closed","ping_status":"closed","template":"","meta":{"_acf_changed":false,"footnotes":""},"class_list":["post-110","page","type-page","status-publish","hentry"],"acf":[],"_links":{"self":[{"href":"https:\/\/www.paulmarcotte.ca\/fr\/wp-json\/wp\/v2\/pages\/110","targetHints":{"allow":["GET"]}}],"collection":[{"href":"https:\/\/www.paulmarcotte.ca\/fr\/wp-json\/wp\/v2\/pages"}],"about":[{"href":"https:\/\/www.paulmarcotte.ca\/fr\/wp-json\/wp\/v2\/types\/page"}],"author":[{"embeddable":true,"href":"https:\/\/www.paulmarcotte.ca\/fr\/wp-json\/wp\/v2\/users\/1"}],"replies":[{"embeddable":true,"href":"https:\/\/www.paulmarcotte.ca\/fr\/wp-json\/wp\/v2\/comments?post=110"}],"version-history":[{"count":5,"href":"https:\/\/www.paulmarcotte.ca\/fr\/wp-json\/wp\/v2\/pages\/110\/revisions"}],"predecessor-version":[{"id":1004,"href":"https:\/\/www.paulmarcotte.ca\/fr\/wp-json\/wp\/v2\/pages\/110\/revisions\/1004"}],"up":[{"embeddable":true,"href":"https:\/\/www.paulmarcotte.ca\/fr\/wp-json\/wp\/v2\/pages\/11"}],"wp:attachment":[{"href":"https:\/\/www.paulmarcotte.ca\/fr\/wp-json\/wp\/v2\/media?parent=110"}],"curies":[{"name":"wp","href":"https:\/\/api.w.org\/{rel}","templated":true}]}}