{"id":108,"date":"2023-01-18T14:41:12","date_gmt":"2023-01-18T19:41:12","guid":{"rendered":"https:\/\/www.paulmarcotte.ca\/?page_id=108"},"modified":"2025-10-17T11:04:01","modified_gmt":"2025-10-17T15:04:01","slug":"assurance-commerciale-convention-achat-vente","status":"publish","type":"page","link":"https:\/\/www.paulmarcotte.ca\/fr\/assurances\/assurance-commerciale-convention-achat-vente\/","title":{"rendered":"Assurance commerciale (convention d&rsquo;achat &#8211; vente)"},"content":{"rendered":"<section class=\"content-container\">\n<div class=\"container\">\n<div class=\"row\">\n<div class=\"col-lg-8 order-last order-lg-first\">\n<div class=\"lc-block\">\n<div editable=\"rich\">\n<h2>Assurance commerciale (convention d&rsquo;achat &#8211; vente)<\/h2>\n<p>La direction de votre entreprise est devenue plus complexe avec les ann\u00e9es et la concurrence plus f\u00e9roce.<\/p>\n<p>Vous avez bien peu de temps \u00e0 consacrer \u00e0 la r\u00e9vision de ce dossier\u2026 et pourtant il est si primordial !!!<\/p>\n<p>Votre entreprise a pris de l\u2019expansion ou vous songez \u00e0 int\u00e9grer un nouveau partenaire. Vous allez fusionner ou acheter un concurrent. Voil\u00e0 autant de raisons pour r\u00e9viser votre portefeuille d\u2019assurance-vie et de placement avec Paul Marcotte \u00e0 Gatineau!<\/p>\n<p>Chez Gestion Financi\u00e8re Paul Marcotte, nous travaillerons avec vous afin de d\u00e9terminer vos besoins. Il pourrait s\u2019agir de :<\/p>\n<ul>\n<li>Assurance collaborateurs<\/li>\n<li>Financement d\u2019une convention entre associ\u00e9s qui saura pr\u00e9voir le d\u00e9c\u00e8s, le d\u00e9part d\u2019un partenaire \u00e0 la retraite, etc.;<\/li>\n<li>Continuit\u00e9 de l\u2019entreprise;<\/li>\n<li>Transmission de l\u2019entreprise;<\/li>\n<li>Assurance collective :<\/li>\n<li>R\u00e9gimes de retraite collectifs;<\/li>\n<\/ul>\n<p>Communiquez avec nous afin de conna\u00eetre toute la gamme des options et des outils que nous pouvons mettre \u00e0 votre disposition.<\/p>\n<\/p><\/div>\n<\/p><\/div>\n<div class=\"lc-block\">\n<div class=\"live-shortcode\" lc-helper=\"shortcode\"><a class=\"contact btn\" href=\"https:\/\/www.paulmarcotte.ca\/fr\/nous-joindre\/\" aria-label=\"Prot&eacute;gez votre entreprise\">Prot\u00e9gez votre entreprise<\/a><\/div>\n<\/p><\/div>\n<\/p><\/div>\n<div class=\"col-lg-4 order-first order-lg-last\">\n<div class=\"lc-block\">\n<div lc-helper=\"shortcode\" class=\"live-shortcode\"><div class=\"right-sidebar\"><ul><li class=\" page_item_has_children\"><a href=\"#\" class=\"page-items-title\">Placement<\/a><ul><li class=\"page_item page-item-126\"><a href=\"https:\/\/www.paulmarcotte.ca\/fr\/placement\/celi\/\">C\u00c9LI<\/a><\/li>\n<li class=\"page_item page-item-124\"><a href=\"https:\/\/www.paulmarcotte.ca\/fr\/placement\/reei\/\">RE\u00c9I<\/a><\/li>\n<li class=\"page_item page-item-122\"><a href=\"https:\/\/www.paulmarcotte.ca\/fr\/placement\/reee\/\">RE\u00c9\u00c9<\/a><\/li>\n<li class=\"page_item page-item-120\"><a href=\"https:\/\/www.paulmarcotte.ca\/fr\/placement\/compte-epargne-interets-eleves\/\">Compte d\u2019\u00e9pargne \u00e0 int\u00e9r\u00eats \u00e9lev\u00e9s<\/a><\/li>\n<li class=\"page_item page-item-118\"><a href=\"https:\/\/www.paulmarcotte.ca\/fr\/placement\/obligations-epargne\/\">Obligations d\u2019\u00e9pargne<\/a><\/li>\n<li class=\"page_item page-item-116\"><a href=\"https:\/\/www.paulmarcotte.ca\/fr\/placement\/obligations\/\">Obligations<\/a><\/li>\n<li class=\"page_item page-item-114\"><a href=\"https:\/\/www.paulmarcotte.ca\/fr\/placement\/depot-terme\/\">D\u00e9p\u00f4t \u00e0 terme<\/a><\/li>\n<li class=\"page_item page-item-112\"><a href=\"https:\/\/www.paulmarcotte.ca\/fr\/placement\/fonds-distincts\/\">Fonds distincts<\/a><\/li>\n<li class=\"page_item page-item-110\"><a href=\"https:\/\/www.paulmarcotte.ca\/fr\/placement\/fonds-mutuels\/\">Fonds mutuels<\/a><\/li>\n<\/ul><\/li><li class=\" page_item_has_children\"><a href=\"#\" class=\"page-items-title\">Retraite<\/a><ul><li class=\"page_item page-item-128\"><a href=\"https:\/\/www.paulmarcotte.ca\/fr\/retraite\/reer\/\">RE\u00c9R<\/a><\/li>\n<li class=\"page_item page-item-130\"><a href=\"https:\/\/www.paulmarcotte.ca\/fr\/retraite\/ferr\/\">FERR<\/a><\/li>\n<li class=\"page_item page-item-132\"><a href=\"https:\/\/www.paulmarcotte.ca\/fr\/retraite\/cri\/\">CRI<\/a><\/li>\n<li class=\"page_item page-item-134\"><a href=\"https:\/\/www.paulmarcotte.ca\/fr\/retraite\/frv\/\">FRV<\/a><\/li>\n<li class=\"page_item page-item-136\"><a href=\"https:\/\/www.paulmarcotte.ca\/fr\/retraite\/rentes-de-retraite\/\">Rentes de retraite<\/a><\/li>\n<li class=\"page_item page-item-138\"><a href=\"https:\/\/www.paulmarcotte.ca\/fr\/retraite\/reer-collectif\/\">RE\u00c9R collectif<\/a><\/li>\n<li class=\"page_item page-item-140\"><a href=\"https:\/\/www.paulmarcotte.ca\/fr\/retraite\/rver\/\">RVER<\/a><\/li>\n<li class=\"page_item page-item-142\"><a href=\"https:\/\/www.paulmarcotte.ca\/fr\/retraite\/rri\/\">RRI<\/a><\/li>\n<\/ul><\/li><li class=\"current_page_ancestor page_item_has_children\"><a href=\"#\" class=\"page-items-title\">Assurances<\/a><ul><li class=\"page_item page-item-108\"><a href=\"https:\/\/www.paulmarcotte.ca\/fr\/assurances\/assurance-commerciale-convention-achat-vente\/\">Assurance commerciale (convention d&rsquo;achat &#8211; vente)<\/a><\/li>\n<li class=\"page_item page-item-106\"><a href=\"https:\/\/www.paulmarcotte.ca\/fr\/assurances\/assurance-hypothecaire\/\">Assurance hypoth\u00e9caire<\/a><\/li>\n<li class=\"page_item page-item-104\"><a href=\"https:\/\/www.paulmarcotte.ca\/fr\/assurances\/assurance-soins-longue-duree\/\">Assurance soins de longue dur\u00e9e<\/a><\/li>\n<li class=\"page_item page-item-102\"><a href=\"https:\/\/www.paulmarcotte.ca\/fr\/assurances\/assurance-maladies-graves\/\">Assurance contre les maladies graves<\/a><\/li>\n<li class=\"page_item page-item-100\"><a href=\"https:\/\/www.paulmarcotte.ca\/fr\/assurances\/assurance-salaire-invalidite\/\">Assurance salaire (invalidit\u00e9)<\/a><\/li>\n<li class=\"page_item page-item-98\"><a href=\"https:\/\/www.paulmarcotte.ca\/fr\/assurances\/assurance-vie\/\">Assurance-vie<\/a><\/li>\n<\/ul><\/li><\/ul><\/div><\/div>\n<\/p><\/div>\n<\/p><\/div>\n<\/p><\/div>\n<\/p><\/div>\n<\/section>\n","protected":false},"excerpt":{"rendered":"<p>Assurance commerciale (convention d&rsquo;achat &#8211; vente) La direction de votre entreprise est devenue plus complexe avec les ann\u00e9es et la concurrence plus f\u00e9roce. Vous avez bien peu de temps \u00e0 consacrer \u00e0 la r\u00e9vision de ce dossier\u2026 et pourtant il est si primordial !!! Votre entreprise a pris de l\u2019expansion ou vous songez \u00e0 int\u00e9grer [&hellip;]<\/p>\n","protected":false},"author":1,"featured_media":0,"parent":9,"menu_order":37,"comment_status":"closed","ping_status":"closed","template":"","meta":{"_acf_changed":false,"footnotes":""},"class_list":["post-108","page","type-page","status-publish","hentry"],"acf":[],"_links":{"self":[{"href":"https:\/\/www.paulmarcotte.ca\/fr\/wp-json\/wp\/v2\/pages\/108","targetHints":{"allow":["GET"]}}],"collection":[{"href":"https:\/\/www.paulmarcotte.ca\/fr\/wp-json\/wp\/v2\/pages"}],"about":[{"href":"https:\/\/www.paulmarcotte.ca\/fr\/wp-json\/wp\/v2\/types\/page"}],"author":[{"embeddable":true,"href":"https:\/\/www.paulmarcotte.ca\/fr\/wp-json\/wp\/v2\/users\/1"}],"replies":[{"embeddable":true,"href":"https:\/\/www.paulmarcotte.ca\/fr\/wp-json\/wp\/v2\/comments?post=108"}],"version-history":[{"count":4,"href":"https:\/\/www.paulmarcotte.ca\/fr\/wp-json\/wp\/v2\/pages\/108\/revisions"}],"predecessor-version":[{"id":1029,"href":"https:\/\/www.paulmarcotte.ca\/fr\/wp-json\/wp\/v2\/pages\/108\/revisions\/1029"}],"up":[{"embeddable":true,"href":"https:\/\/www.paulmarcotte.ca\/fr\/wp-json\/wp\/v2\/pages\/9"}],"wp:attachment":[{"href":"https:\/\/www.paulmarcotte.ca\/fr\/wp-json\/wp\/v2\/media?parent=108"}],"curies":[{"name":"wp","href":"https:\/\/api.w.org\/{rel}","templated":true}]}}