{"id":102,"date":"2023-01-18T14:39:24","date_gmt":"2023-01-18T19:39:24","guid":{"rendered":"https:\/\/www.paulmarcotte.ca\/?page_id=102"},"modified":"2025-10-17T13:30:26","modified_gmt":"2025-10-17T17:30:26","slug":"assurance-maladies-graves","status":"publish","type":"page","link":"https:\/\/www.paulmarcotte.ca\/fr\/assurances\/assurance-maladies-graves\/","title":{"rendered":"Assurance contre les maladies graves"},"content":{"rendered":"<section class=\"content-container\">\n<div class=\"container\">\n<div class=\"row\">\n<div class=\"col-lg-8 order-last order-lg-first\">\n<div class=\"lc-block\">\n<div editable=\"rich\">\n<h2>Assurance contre les maladies graves<\/h2>\n<p>Votre esp\u00e9rance de vie ne cesse de grandir\u2026 Gr\u00e2ce aux progr\u00e8s de la m\u00e9decine, de plus en plus de gens survivent \u00e0 un cancer, \u00e0 un accident vasculaire c\u00e9r\u00e9bral ou \u00e0 une autre maladie grave&nbsp;:<\/p>\n<ul>\n<li>1 personne sur 4 sera atteinte d\u2019une maladie de c\u0153ur. De celles-ci, 95% survivront \u00e0 une premi\u00e8re crise cardiaque.<\/li>\n<li>1 personne sur 3 souffrira d\u2019un cancer. De celles-ci, 65% y survivront plus de 5 ans.<\/li>\n<\/ul>\n<p>L\u2019assurance maladies graves vous permet de faire face aux d\u00e9penses qui d\u00e9coulent d\u2019une maladie couverte au contrat afin que vous puissiez vous consacrer enti\u00e8rement \u00e0 votre sant\u00e9 tout en pr\u00e9servant votre stabilit\u00e9 financi\u00e8re. Vous \u00eates libre d\u2019utiliser le montant d\u2019assurance comme bon vous semble pour, notamment&nbsp;:<\/p>\n<ul>\n<li>Payer des m\u00e9dicaments et des soins de sant\u00e9 qui ne sont pas couverts par les r\u00e9gimes provinciaux;<\/li>\n<li>Avoir acc\u00e8s aux nouveaux m\u00e9dicaments exp\u00e9rimentaux et aux toutes nouvelles technologies;<\/li>\n<li>Obtenir des soins et des services \u00e0 domicile (entretien domestique, pr\u00e9paration des repas, soins d\u2019hygi\u00e8ne de base, gardiennage, accompagnement, etc.;<\/li>\n<li>Permettre \u00e0 votre conjoint de s\u2019absenter du travail pour \u00eatre \u00e0 vos c\u00f4t\u00e9s;<\/li>\n<li>Couvrir les frais de transport et d\u2019h\u00e9bergement pour les r\u00e9sidants \u00e9loign\u00e9s des grands centres urbains ou pour les traitements obtenus dans une autre r\u00e9gion;<\/li>\n<li>Payer les honoraires de certains professionnels de la sant\u00e9 (ergoth\u00e9rapeute, ost\u00e9opathe, chiropraticien, orthophoniste, etc.);<\/li>\n<li>Adapter la r\u00e9sidence ou le v\u00e9hicule;<\/li>\n<li>Vous offrir du temps de qualit\u00e9<\/li>\n<\/ul>\n<p>L\u2019assurance maladies graves vous procure un accompagnement et vous donne acc\u00e8s \u00e0 des renseignements et \u00e0 une expertise de pointe dans le domaine m\u00e9dical. Vous b\u00e9n\u00e9ficierez m\u00eame, sans frais suppl\u00e9mentaire, de plusieurs autres services d&rsquo;assistance :<\/p>\n<ul>\n<li>Assistance psychologique<\/li>\n<li>Assistance convalescence \u2013 op\u00e9ration<\/li>\n<li>Assistance juridique<\/li>\n<li>Assistance \u00e0 la liquidation de succession<\/li>\n<li>Assistance voyage<\/li>\n<\/ul>\n<p>Nous pouvons vous aider \u00e0 b\u00e2tir une protection sur mesure qui saura r\u00e9pondre \u00e0 vos besoins, \u00e0 vos objectifs et \u00e0 vos attentes\u2026 Vous trouverez enfin une r\u00e9elle tranquillit\u00e9 d\u2019esprit\u2026<\/p>\n<\/p><\/div>\n<\/p><\/div>\n<div class=\"lc-block\">\n<div class=\"live-shortcode\" lc-helper=\"shortcode\"><a class=\"contact btn\" href=\"https:\/\/www.paulmarcotte.ca\/fr\/nous-joindre\/\" aria-label=\"Prot&eacute;gez-vous contre les impr&eacute;vus\">Prot\u00e9gez-vous contre les impr\u00e9vus<\/a><\/div>\n<\/p><\/div>\n<\/p><\/div>\n<div class=\"col-lg-4 order-first order-lg-last\">\n<div class=\"lc-block\">\n<div lc-helper=\"shortcode\" class=\"live-shortcode\"><div class=\"right-sidebar\"><ul><li class=\" page_item_has_children\"><a href=\"#\" class=\"page-items-title\">Placement<\/a><ul><li class=\"page_item page-item-126\"><a href=\"https:\/\/www.paulmarcotte.ca\/fr\/placement\/celi\/\">C\u00c9LI<\/a><\/li>\n<li class=\"page_item page-item-124\"><a href=\"https:\/\/www.paulmarcotte.ca\/fr\/placement\/reei\/\">RE\u00c9I<\/a><\/li>\n<li class=\"page_item page-item-122\"><a href=\"https:\/\/www.paulmarcotte.ca\/fr\/placement\/reee\/\">RE\u00c9\u00c9<\/a><\/li>\n<li class=\"page_item page-item-120\"><a href=\"https:\/\/www.paulmarcotte.ca\/fr\/placement\/compte-epargne-interets-eleves\/\">Compte d\u2019\u00e9pargne \u00e0 int\u00e9r\u00eats \u00e9lev\u00e9s<\/a><\/li>\n<li class=\"page_item page-item-118\"><a href=\"https:\/\/www.paulmarcotte.ca\/fr\/placement\/obligations-epargne\/\">Obligations d\u2019\u00e9pargne<\/a><\/li>\n<li class=\"page_item page-item-116\"><a href=\"https:\/\/www.paulmarcotte.ca\/fr\/placement\/obligations\/\">Obligations<\/a><\/li>\n<li class=\"page_item page-item-114\"><a href=\"https:\/\/www.paulmarcotte.ca\/fr\/placement\/depot-terme\/\">D\u00e9p\u00f4t \u00e0 terme<\/a><\/li>\n<li class=\"page_item page-item-112\"><a href=\"https:\/\/www.paulmarcotte.ca\/fr\/placement\/fonds-distincts\/\">Fonds distincts<\/a><\/li>\n<li class=\"page_item page-item-110\"><a href=\"https:\/\/www.paulmarcotte.ca\/fr\/placement\/fonds-mutuels\/\">Fonds mutuels<\/a><\/li>\n<\/ul><\/li><li class=\" page_item_has_children\"><a href=\"#\" class=\"page-items-title\">Retraite<\/a><ul><li class=\"page_item page-item-128\"><a href=\"https:\/\/www.paulmarcotte.ca\/fr\/retraite\/reer\/\">RE\u00c9R<\/a><\/li>\n<li class=\"page_item page-item-130\"><a href=\"https:\/\/www.paulmarcotte.ca\/fr\/retraite\/ferr\/\">FERR<\/a><\/li>\n<li class=\"page_item page-item-132\"><a href=\"https:\/\/www.paulmarcotte.ca\/fr\/retraite\/cri\/\">CRI<\/a><\/li>\n<li class=\"page_item page-item-134\"><a href=\"https:\/\/www.paulmarcotte.ca\/fr\/retraite\/frv\/\">FRV<\/a><\/li>\n<li class=\"page_item page-item-136\"><a href=\"https:\/\/www.paulmarcotte.ca\/fr\/retraite\/rentes-de-retraite\/\">Rentes de retraite<\/a><\/li>\n<li class=\"page_item page-item-138\"><a href=\"https:\/\/www.paulmarcotte.ca\/fr\/retraite\/reer-collectif\/\">RE\u00c9R collectif<\/a><\/li>\n<li class=\"page_item page-item-140\"><a href=\"https:\/\/www.paulmarcotte.ca\/fr\/retraite\/rver\/\">RVER<\/a><\/li>\n<li class=\"page_item page-item-142\"><a href=\"https:\/\/www.paulmarcotte.ca\/fr\/retraite\/rri\/\">RRI<\/a><\/li>\n<\/ul><\/li><li class=\"current_page_ancestor page_item_has_children\"><a href=\"#\" class=\"page-items-title\">Assurances<\/a><ul><li class=\"page_item page-item-108\"><a href=\"https:\/\/www.paulmarcotte.ca\/fr\/assurances\/assurance-commerciale-convention-achat-vente\/\">Assurance commerciale (convention d&rsquo;achat &#8211; vente)<\/a><\/li>\n<li class=\"page_item page-item-106\"><a href=\"https:\/\/www.paulmarcotte.ca\/fr\/assurances\/assurance-hypothecaire\/\">Assurance hypoth\u00e9caire<\/a><\/li>\n<li class=\"page_item page-item-104\"><a href=\"https:\/\/www.paulmarcotte.ca\/fr\/assurances\/assurance-soins-longue-duree\/\">Assurance soins de longue dur\u00e9e<\/a><\/li>\n<li class=\"page_item page-item-102\"><a href=\"https:\/\/www.paulmarcotte.ca\/fr\/assurances\/assurance-maladies-graves\/\">Assurance contre les maladies graves<\/a><\/li>\n<li class=\"page_item page-item-100\"><a href=\"https:\/\/www.paulmarcotte.ca\/fr\/assurances\/assurance-salaire-invalidite\/\">Assurance salaire (invalidit\u00e9)<\/a><\/li>\n<li class=\"page_item page-item-98\"><a href=\"https:\/\/www.paulmarcotte.ca\/fr\/assurances\/assurance-vie\/\">Assurance-vie<\/a><\/li>\n<\/ul><\/li><\/ul><\/div><\/div>\n<\/p><\/div>\n<\/p><\/div>\n<\/p><\/div>\n<\/p><\/div>\n<\/section>\n","protected":false},"excerpt":{"rendered":"<p>Assurance contre les maladies graves Votre esp\u00e9rance de vie ne cesse de grandir\u2026 Gr\u00e2ce aux progr\u00e8s de la m\u00e9decine, de plus en plus de gens survivent \u00e0 un cancer, \u00e0 un accident vasculaire c\u00e9r\u00e9bral ou \u00e0 une autre maladie grave&nbsp;: 1 personne sur 4 sera atteinte d\u2019une maladie de c\u0153ur. De celles-ci, 95% survivront \u00e0 [&hellip;]<\/p>\n","protected":false},"author":1,"featured_media":0,"parent":9,"menu_order":43,"comment_status":"closed","ping_status":"closed","template":"","meta":{"_acf_changed":false,"footnotes":""},"class_list":["post-102","page","type-page","status-publish","hentry"],"acf":[],"_links":{"self":[{"href":"https:\/\/www.paulmarcotte.ca\/fr\/wp-json\/wp\/v2\/pages\/102","targetHints":{"allow":["GET"]}}],"collection":[{"href":"https:\/\/www.paulmarcotte.ca\/fr\/wp-json\/wp\/v2\/pages"}],"about":[{"href":"https:\/\/www.paulmarcotte.ca\/fr\/wp-json\/wp\/v2\/types\/page"}],"author":[{"embeddable":true,"href":"https:\/\/www.paulmarcotte.ca\/fr\/wp-json\/wp\/v2\/users\/1"}],"replies":[{"embeddable":true,"href":"https:\/\/www.paulmarcotte.ca\/fr\/wp-json\/wp\/v2\/comments?post=102"}],"version-history":[{"count":4,"href":"https:\/\/www.paulmarcotte.ca\/fr\/wp-json\/wp\/v2\/pages\/102\/revisions"}],"predecessor-version":[{"id":1040,"href":"https:\/\/www.paulmarcotte.ca\/fr\/wp-json\/wp\/v2\/pages\/102\/revisions\/1040"}],"up":[{"embeddable":true,"href":"https:\/\/www.paulmarcotte.ca\/fr\/wp-json\/wp\/v2\/pages\/9"}],"wp:attachment":[{"href":"https:\/\/www.paulmarcotte.ca\/fr\/wp-json\/wp\/v2\/media?parent=102"}],"curies":[{"name":"wp","href":"https:\/\/api.w.org\/{rel}","templated":true}]}}